{"id":6,"date":"2021-04-07T15:35:34","date_gmt":"2021-04-07T13:35:34","guid":{"rendered":"https:\/\/www.journaldantan.fr\/?page_id=6"},"modified":"2022-12-01T11:52:00","modified_gmt":"2022-12-01T10:52:00","slug":"a-propos-de","status":"publish","type":"page","link":"https:\/\/www.journaldantan.fr\/index.php\/a-propos-de\/","title":{"rendered":"\u00c0 propos"},"content":{"rendered":"<div class=\"wp-block-image is-style-rounded\">\n<figure class=\"alignleft size-full is-resized\"><img loading=\"lazy\" decoding=\"async\" src=\"https:\/\/www.journaldantan.fr\/wp-content\/uploads\/2022\/12\/Yoann-Aristocrate-francais-du-XVIIIe-siecle-5.jpg\" alt=\"\" class=\"wp-image-312\" width=\"265\" height=\"265\" srcset=\"https:\/\/www.journaldantan.fr\/wp-content\/uploads\/2022\/12\/Yoann-Aristocrate-francais-du-XVIIIe-siecle-5.jpg 512w, https:\/\/www.journaldantan.fr\/wp-content\/uploads\/2022\/12\/Yoann-Aristocrate-francais-du-XVIIIe-siecle-5-300x300.jpg 300w, https:\/\/www.journaldantan.fr\/wp-content\/uploads\/2022\/12\/Yoann-Aristocrate-francais-du-XVIIIe-siecle-5-150x150.jpg 150w\" sizes=\"auto, (max-width: 265px) 100vw, 265px\" \/><\/figure>\n<\/div>\n\n\n<p>Je m&rsquo;appelle Yoann SCULO et je suis g\u00e9n\u00e9alogiste \u00e0 mes heures perdues.<\/p>\n\n\n\n<p>J&rsquo;ai commenc\u00e9 fin 2019 \u00e0 m&rsquo;int\u00e9resser \u00e0 la g\u00e9n\u00e9alogie peu apr\u00e8s la naissance de mon fils. Mais c&rsquo;est \u00e0 l&rsquo;occasion du premier confinement en mars 2020 que j&rsquo;ai pris le virus de la g\u00e9n\u00e9alogie. Je me consacre depuis \u00e0 la recherche des anc\u00eatres de mes enfants et \u00e0 la collecte d&rsquo;objets et documents relatifs \u00e0 leur histoire et leurs r\u00e9cits. Mes explorations m&rsquo;ont amen\u00e9 \u00e0 renouer avec le go\u00fbt de l&rsquo;Histoire et du r\u00e9cit.<\/p>\n\n\n\n<p>J&rsquo;ai ainsi cr\u00e9\u00e9 ce site en avril 2021 afin de partager mes recherches, trouvailles et d\u00e9marches g\u00e9n\u00e9alogiques.<\/p>\n","protected":false},"excerpt":{"rendered":"<p>Je m&rsquo;appelle Yoann SCULO et je suis g\u00e9n\u00e9alogiste \u00e0 mes heures perdues. J&rsquo;ai commenc\u00e9 fin 2019 \u00e0 m&rsquo;int\u00e9resser \u00e0 la g\u00e9n\u00e9alogie peu apr\u00e8s la naissance de mon fils. Mais c&rsquo;est \u00e0 l&rsquo;occasion du premier confinement en mars 2020 que j&rsquo;ai pris le virus de la g\u00e9n\u00e9alogie. Je me consacre depuis \u00e0 la recherche des anc\u00eatres [&hellip;]<\/p>\n","protected":false},"author":1,"featured_media":0,"parent":0,"menu_order":0,"comment_status":"closed","ping_status":"closed","template":"","meta":{"footnotes":""},"class_list":["post-6","page","type-page","status-publish","hentry","entry"],"_links":{"self":[{"href":"https:\/\/www.journaldantan.fr\/index.php\/wp-json\/wp\/v2\/pages\/6","targetHints":{"allow":["GET"]}}],"collection":[{"href":"https:\/\/www.journaldantan.fr\/index.php\/wp-json\/wp\/v2\/pages"}],"about":[{"href":"https:\/\/www.journaldantan.fr\/index.php\/wp-json\/wp\/v2\/types\/page"}],"author":[{"embeddable":true,"href":"https:\/\/www.journaldantan.fr\/index.php\/wp-json\/wp\/v2\/users\/1"}],"replies":[{"embeddable":true,"href":"https:\/\/www.journaldantan.fr\/index.php\/wp-json\/wp\/v2\/comments?post=6"}],"version-history":[{"count":10,"href":"https:\/\/www.journaldantan.fr\/index.php\/wp-json\/wp\/v2\/pages\/6\/revisions"}],"predecessor-version":[{"id":318,"href":"https:\/\/www.journaldantan.fr\/index.php\/wp-json\/wp\/v2\/pages\/6\/revisions\/318"}],"wp:attachment":[{"href":"https:\/\/www.journaldantan.fr\/index.php\/wp-json\/wp\/v2\/media?parent=6"}],"curies":[{"name":"wp","href":"https:\/\/api.w.org\/{rel}","templated":true}]}}